{"id":14086,"date":"2020-09-29T02:20:10","date_gmt":"2020-09-29T00:20:10","guid":{"rendered":"https:\/\/www.gomag.ro\/blog\/?page_id=14086"},"modified":"2020-10-02T14:55:53","modified_gmt":"2020-10-02T12:55:53","slug":"podcast-day","status":"publish","type":"page","link":"https:\/\/www.gomag.ro\/blog\/podcast-day\/","title":{"rendered":"Podcast Day"},"content":{"rendered":"<p><span><img decoding=\"async\" alt=\"gomag-logo\" width=\"150\" height=\"47\" title=\"gomag-logo\" data-id=\"11714\" src=\"https:\/\/www.gomag.ro\/blog\/wp-content\/uploads\/2020\/02\/gomag-logo.png\" data-width=\"150\" data-height=\"47\" data-init-width=\"286\" data-init-height=\"90\" style=\"\" loading=\"lazy\"><\/span><\/p>\n<h1 style=\"text-align: center;\"><strong>Discutii Podcast Day<\/strong><\/h1>\n<p style=\"text-align: center;\"><span style=\"color: rgb(255, 255, 255);\">Am invitat<strong>&nbsp;6 podcasteri de business din Romania<\/strong> care sa ne spuna secretele din spatele proiectelor lor si cum reusesc sa transforme podcasturile in surse de inspiratie pentru tine.<\/span><\/p>\n<h2 style=\"text-align: center;\">Importanta creatorilor de continut in mediul de business din Romania &#8211; Daniel Tanase<\/h2>\n<p style=\"text-align: left;\">Finante FM, un audioshow gazduit de Daniel T\u0103nase, antreprenor, consultant de afaceri, autor si public speaker.<\/p>\n<p style=\"text-align: left;\">\u00cen acest podcast vei gasi un mix de finante personale, finante \u00een afaceri, antreprenoriat si social media.<\/p>\n<p style=\"text-align: left;\">Vei putea asculta episoade cu invitati \u00een care dezbatem si oferim solutii practice, interviuri, \u00eenregistrari de la evenimente, precum si episoade \u00een care vorbesc din experienta si perspectiva proprie.<\/p>\n<h2 style=\"text-align: center;\">Despre fenomenul si provocarile unui podcast in Romania &#8211; Florin Rosoga<\/h2>\n<p style=\"text-align: left;\">Antreprenori Care Inspira este unul dintre cele mai longevive si ascultate podcasturi romanesti. In fiecare saptamana publicam interviuri cu antreprenori, traineri, autori si personalitati din diverse domenii pentru a invata din experienta lor.<\/p>\n<h2 style=\"text-align: center;\">Efectul continutului si modul in care conecteaza oamenii &#8211; Robert Katai<\/h2>\n<p style=\"text-align: left;\">Katai Podcast, produs de Robert Katai &#8211; digital marketer si content strategist.<\/p>\n<p style=\"text-align: left;\">In acest podcast vei gasi un mix de interviuri, prezentari si alte idei despre marketing si viata care te vor motiva sa-ti gasesti inspiratia sau echilibrul in viata personala sau profesionala.<\/p>\n<h2 style=\"text-align: center;\">Impactul scrisului in antreprenoriat si business &#8211; Sabina Varga<\/h2>\n<p style=\"text-align: left;\">Pasionata de scris si am background de jurnalism, publicitate si marketing. Zest este un podcast despre scris, cu oameni care nu s-ar putea opri din asta nici daca ar vrea. Invitati sunt scriitori, jurnalisti, copywriteri si bloggeri, iar misiunea podcastului este sa dea scrisul jos de pe piedestal si sa-l faca mai accesibil.<\/p>\n<h2 style=\"text-align: center;\">Aspecte legale pentru continut, business si podcast &#8211; Ana-Maria Udriste<\/h2>\n<p style=\"text-align: left;\">Podcastul platformei Avocatoo.ro, top trei cele mai cunoscute platforme din Rom\u00e2nia pe segmentul juridic.<\/p>\n<p style=\"text-align: left;\">Fiecare episod aduce sfaturi si informatii juridice noi at\u00e2t pentru cei din domeniu, c\u00e2t si pentru antreprenori. Gazda este Ana-Maria Udriste, fondatorul Avocatoo.ro.<\/p>\n<h2 style=\"text-align: center;\">Branding si brand content pentru afaceri in podcasturi &#8211; Marian Hurducas<\/h2>\n<p style=\"text-align: left;\">Podcastul lui Marian Hurducas, marketing &amp; communication strategy consultant, trainer, antreprenor si fost jurnalist de radio.<\/p>\n<p style=\"text-align: left;\">Se discuta despre comunicare, marketing, presa, business, succes si mai ales esec. Invitatii sunt din toate domeniile, insa cu siguranta vei avea idei noi de retinut si chiar de pus \u00een practica. Nu toti cei pe care-i auzi aici sunt vedete consacrate.&nbsp;<\/p>\n<p style=\"text-align: left;\">De unii poate n-ai auzit niciodata, dar sunt oameni care au facut ceva notabil \u00een domeniul lor de activitate sau pentru comunitate, si care iti pot aduce un plus de cunostinte. Play si follow.<\/p>\n<p><span style=\"width: 100%;\"><img decoding=\"async\" alt=\"podcast doza de ecommerce\" width=\"340\" height=\"191\" title=\"podcast doza de ecommerce\" data-id=\"11465\" src=\"https:\/\/www.gomag.ro\/blog\/wp-content\/uploads\/2020\/01\/podcast-doza-de-ecommerce.jpg\" style=\"\" data-width=\"340\" data-height=\"191\" data-init-width=\"1920\" data-init-height=\"1080\" loading=\"lazy\"><\/span><\/p>\n<h3 style=\"text-align: center;\"><strong>&#8222;<span style=\"\">Asculta Doza de eCommerce<\/span>&#8222;<\/strong><\/h3>\n<p style=\"text-align: center;\"><a href=\"https:\/\/www.gomag.ro\/blog\/doza-ecommerce\/\" target=\"_blank\" style=\"outline: none;\" rel=\"noopener noreferrer\"><span style=\"font-family: &quot;Shadows Into Light&quot;; font-weight: 400; font-size: 32px; color: rgb(51, 51, 51);\">&gt;&gt; Vezi aici!<\/span><\/a><\/p>\n<p style=\"text-align: left;\">Vrei sa auzi povestile veteranilor in comertul online din Romania, interviuri cu experti de marketing sau sa primesti \u201cpastile\u201d de super informatii, in timp ce faci orice altceva?<\/p>\n<p style=\"text-align: center;\"><span style=\"color: rgb(153, 153, 153); font-size: 16px;\">Gomag @ 2020&nbsp;<\/span><\/p>\n","protected":false},"excerpt":{"rendered":"<p>Discutii Podcast Day Am invitat&nbsp;6 podcasteri de business din Romania care sa ne spuna secretele din spatele proiectelor lor si cum reusesc sa transforme podcasturile in surse de inspiratie pentru tine. Importanta creatorilor de continut in mediul de business din Romania &#8211; Daniel Tanase Finante FM, un audioshow gazduit de Daniel T\u0103nase, antreprenor, consultant de [&hellip;]<\/p>\n","protected":false},"author":1,"featured_media":14129,"parent":0,"menu_order":0,"comment_status":"closed","ping_status":"closed","template":"","meta":{"_et_pb_use_builder":"","_et_pb_old_content":"","_et_gb_content_width":"","om_disable_all_campaigns":false,"footnotes":""},"class_list":["post-14086","page","type-page","status-publish","has-post-thumbnail","hentry"],"yoast_head":"<!-- This site is optimized with the Yoast SEO plugin v27.5 - https:\/\/yoast.com\/product\/yoast-seo-wordpress\/ -->\n<title>Podcast Day 2020 - Vezi inregistrarile de la eveniment!<\/title>\n<meta name=\"description\" content=\"Descopera super povesti despre podcast-urile din Romania. Afla provocarile aparute, dar si beneficiile unui podcast.\" \/>\n<meta name=\"robots\" content=\"index, follow, max-snippet:-1, max-image-preview:large, max-video-preview:-1\" \/>\n<link rel=\"canonical\" href=\"https:\/\/www.gomag.ro\/blog\/podcast-day\/\" \/>\n<meta property=\"og:locale\" content=\"ro_RO\" \/>\n<meta property=\"og:type\" content=\"article\" \/>\n<meta property=\"og:title\" content=\"Podcast Day 2020 - Vezi inregistrarile de la eveniment!\" \/>\n<meta property=\"og:description\" content=\"Descopera super povesti despre podcast-urile din Romania. Afla provocarile aparute, dar si beneficiile unui podcast.\" \/>\n<meta property=\"og:url\" content=\"https:\/\/www.gomag.ro\/blog\/podcast-day\/\" \/>\n<meta property=\"og:site_name\" content=\"Blog eCommerce - platforma Gomag\" \/>\n<meta property=\"article:publisher\" content=\"https:\/\/www.facebook.com\/gomagec\/\" \/>\n<meta property=\"article:modified_time\" content=\"2020-10-02T12:55:53+00:00\" \/>\n<meta property=\"og:image\" content=\"https:\/\/www.gomag.ro\/blog\/wp-content\/uploads\/2020\/09\/podcast-day.png\" \/>\n\t<meta property=\"og:image:width\" content=\"1200\" \/>\n\t<meta property=\"og:image:height\" content=\"628\" \/>\n\t<meta property=\"og:image:type\" content=\"image\/png\" \/>\n<meta name=\"twitter:card\" content=\"summary_large_image\" \/>\n<meta name=\"twitter:site\" content=\"@gomagro\" \/>\n<meta name=\"twitter:label1\" content=\"Timp estimat pentru citire\" \/>\n\t<meta name=\"twitter:data1\" content=\"2 minute\" \/>\n<script type=\"application\/ld+json\" class=\"yoast-schema-graph\">{\"@context\":\"https:\\\/\\\/schema.org\",\"@graph\":[{\"@type\":\"WebPage\",\"@id\":\"https:\\\/\\\/www.gomag.ro\\\/blog\\\/podcast-day\\\/\",\"url\":\"https:\\\/\\\/www.gomag.ro\\\/blog\\\/podcast-day\\\/\",\"name\":\"Podcast Day 2020 - Vezi inregistrarile de la eveniment!\",\"isPartOf\":{\"@id\":\"https:\\\/\\\/www.gomag.ro\\\/blog\\\/#website\"},\"primaryImageOfPage\":{\"@id\":\"https:\\\/\\\/www.gomag.ro\\\/blog\\\/podcast-day\\\/#primaryimage\"},\"image\":{\"@id\":\"https:\\\/\\\/www.gomag.ro\\\/blog\\\/podcast-day\\\/#primaryimage\"},\"thumbnailUrl\":\"https:\\\/\\\/www.gomag.ro\\\/blog\\\/wp-content\\\/uploads\\\/2020\\\/09\\\/podcast-day.png\",\"datePublished\":\"2020-09-29T00:20:10+00:00\",\"dateModified\":\"2020-10-02T12:55:53+00:00\",\"description\":\"Descopera super povesti despre podcast-urile din Romania. Afla provocarile aparute, dar si beneficiile unui podcast.\",\"breadcrumb\":{\"@id\":\"https:\\\/\\\/www.gomag.ro\\\/blog\\\/podcast-day\\\/#breadcrumb\"},\"inLanguage\":\"ro-RO\",\"potentialAction\":[{\"@type\":\"ReadAction\",\"target\":[\"https:\\\/\\\/www.gomag.ro\\\/blog\\\/podcast-day\\\/\"]}]},{\"@type\":\"ImageObject\",\"inLanguage\":\"ro-RO\",\"@id\":\"https:\\\/\\\/www.gomag.ro\\\/blog\\\/podcast-day\\\/#primaryimage\",\"url\":\"https:\\\/\\\/www.gomag.ro\\\/blog\\\/wp-content\\\/uploads\\\/2020\\\/09\\\/podcast-day.png\",\"contentUrl\":\"https:\\\/\\\/www.gomag.ro\\\/blog\\\/wp-content\\\/uploads\\\/2020\\\/09\\\/podcast-day.png\",\"width\":1200,\"height\":628,\"caption\":\"podcast day\"},{\"@type\":\"BreadcrumbList\",\"@id\":\"https:\\\/\\\/www.gomag.ro\\\/blog\\\/podcast-day\\\/#breadcrumb\",\"itemListElement\":[{\"@type\":\"ListItem\",\"position\":1,\"name\":\"Home\",\"item\":\"https:\\\/\\\/www.gomag.ro\\\/blog\\\/\"},{\"@type\":\"ListItem\",\"position\":2,\"name\":\"Podcast Day\"}]},{\"@type\":\"WebSite\",\"@id\":\"https:\\\/\\\/www.gomag.ro\\\/blog\\\/#website\",\"url\":\"https:\\\/\\\/www.gomag.ro\\\/blog\\\/\",\"name\":\"Blog eCommerce - platforma Gomag\",\"description\":\"Idei, sfaturi si studii de caz pentru tine\",\"publisher\":{\"@id\":\"https:\\\/\\\/www.gomag.ro\\\/blog\\\/#organization\"},\"potentialAction\":[{\"@type\":\"SearchAction\",\"target\":{\"@type\":\"EntryPoint\",\"urlTemplate\":\"https:\\\/\\\/www.gomag.ro\\\/blog\\\/?s={search_term_string}\"},\"query-input\":{\"@type\":\"PropertyValueSpecification\",\"valueRequired\":true,\"valueName\":\"search_term_string\"}}],\"inLanguage\":\"ro-RO\"},{\"@type\":\"Organization\",\"@id\":\"https:\\\/\\\/www.gomag.ro\\\/blog\\\/#organization\",\"name\":\"Blog eCommerce - platforma Gomag\",\"url\":\"https:\\\/\\\/www.gomag.ro\\\/blog\\\/\",\"logo\":{\"@type\":\"ImageObject\",\"inLanguage\":\"ro-RO\",\"@id\":\"https:\\\/\\\/www.gomag.ro\\\/blog\\\/#\\\/schema\\\/logo\\\/image\\\/\",\"url\":\"https:\\\/\\\/www.gomag.ro\\\/blog\\\/wp-content\\\/uploads\\\/2020\\\/02\\\/logo-gomag-albastru-rosu.png\",\"contentUrl\":\"https:\\\/\\\/www.gomag.ro\\\/blog\\\/wp-content\\\/uploads\\\/2020\\\/02\\\/logo-gomag-albastru-rosu.png\",\"width\":298,\"height\":92,\"caption\":\"Blog eCommerce - platforma Gomag\"},\"image\":{\"@id\":\"https:\\\/\\\/www.gomag.ro\\\/blog\\\/#\\\/schema\\\/logo\\\/image\\\/\"},\"sameAs\":[\"https:\\\/\\\/www.facebook.com\\\/gomagec\\\/\",\"https:\\\/\\\/x.com\\\/gomagro\"]}]}<\/script>\n<!-- \/ Yoast SEO plugin. -->","yoast_head_json":{"title":"Podcast Day 2020 - Vezi inregistrarile de la eveniment!","description":"Descopera super povesti despre podcast-urile din Romania. Afla provocarile aparute, dar si beneficiile unui podcast.","robots":{"index":"index","follow":"follow","max-snippet":"max-snippet:-1","max-image-preview":"max-image-preview:large","max-video-preview":"max-video-preview:-1"},"canonical":"https:\/\/www.gomag.ro\/blog\/podcast-day\/","og_locale":"ro_RO","og_type":"article","og_title":"Podcast Day 2020 - Vezi inregistrarile de la eveniment!","og_description":"Descopera super povesti despre podcast-urile din Romania. Afla provocarile aparute, dar si beneficiile unui podcast.","og_url":"https:\/\/www.gomag.ro\/blog\/podcast-day\/","og_site_name":"Blog eCommerce - platforma Gomag","article_publisher":"https:\/\/www.facebook.com\/gomagec\/","article_modified_time":"2020-10-02T12:55:53+00:00","og_image":[{"width":1200,"height":628,"url":"https:\/\/www.gomag.ro\/blog\/wp-content\/uploads\/2020\/09\/podcast-day.png","type":"image\/png"}],"twitter_card":"summary_large_image","twitter_site":"@gomagro","twitter_misc":{"Timp estimat pentru citire":"2 minute"},"schema":{"@context":"https:\/\/schema.org","@graph":[{"@type":"WebPage","@id":"https:\/\/www.gomag.ro\/blog\/podcast-day\/","url":"https:\/\/www.gomag.ro\/blog\/podcast-day\/","name":"Podcast Day 2020 - Vezi inregistrarile de la eveniment!","isPartOf":{"@id":"https:\/\/www.gomag.ro\/blog\/#website"},"primaryImageOfPage":{"@id":"https:\/\/www.gomag.ro\/blog\/podcast-day\/#primaryimage"},"image":{"@id":"https:\/\/www.gomag.ro\/blog\/podcast-day\/#primaryimage"},"thumbnailUrl":"https:\/\/www.gomag.ro\/blog\/wp-content\/uploads\/2020\/09\/podcast-day.png","datePublished":"2020-09-29T00:20:10+00:00","dateModified":"2020-10-02T12:55:53+00:00","description":"Descopera super povesti despre podcast-urile din Romania. Afla provocarile aparute, dar si beneficiile unui podcast.","breadcrumb":{"@id":"https:\/\/www.gomag.ro\/blog\/podcast-day\/#breadcrumb"},"inLanguage":"ro-RO","potentialAction":[{"@type":"ReadAction","target":["https:\/\/www.gomag.ro\/blog\/podcast-day\/"]}]},{"@type":"ImageObject","inLanguage":"ro-RO","@id":"https:\/\/www.gomag.ro\/blog\/podcast-day\/#primaryimage","url":"https:\/\/www.gomag.ro\/blog\/wp-content\/uploads\/2020\/09\/podcast-day.png","contentUrl":"https:\/\/www.gomag.ro\/blog\/wp-content\/uploads\/2020\/09\/podcast-day.png","width":1200,"height":628,"caption":"podcast day"},{"@type":"BreadcrumbList","@id":"https:\/\/www.gomag.ro\/blog\/podcast-day\/#breadcrumb","itemListElement":[{"@type":"ListItem","position":1,"name":"Home","item":"https:\/\/www.gomag.ro\/blog\/"},{"@type":"ListItem","position":2,"name":"Podcast Day"}]},{"@type":"WebSite","@id":"https:\/\/www.gomag.ro\/blog\/#website","url":"https:\/\/www.gomag.ro\/blog\/","name":"Blog eCommerce - platforma Gomag","description":"Idei, sfaturi si studii de caz pentru tine","publisher":{"@id":"https:\/\/www.gomag.ro\/blog\/#organization"},"potentialAction":[{"@type":"SearchAction","target":{"@type":"EntryPoint","urlTemplate":"https:\/\/www.gomag.ro\/blog\/?s={search_term_string}"},"query-input":{"@type":"PropertyValueSpecification","valueRequired":true,"valueName":"search_term_string"}}],"inLanguage":"ro-RO"},{"@type":"Organization","@id":"https:\/\/www.gomag.ro\/blog\/#organization","name":"Blog eCommerce - platforma Gomag","url":"https:\/\/www.gomag.ro\/blog\/","logo":{"@type":"ImageObject","inLanguage":"ro-RO","@id":"https:\/\/www.gomag.ro\/blog\/#\/schema\/logo\/image\/","url":"https:\/\/www.gomag.ro\/blog\/wp-content\/uploads\/2020\/02\/logo-gomag-albastru-rosu.png","contentUrl":"https:\/\/www.gomag.ro\/blog\/wp-content\/uploads\/2020\/02\/logo-gomag-albastru-rosu.png","width":298,"height":92,"caption":"Blog eCommerce - platforma Gomag"},"image":{"@id":"https:\/\/www.gomag.ro\/blog\/#\/schema\/logo\/image\/"},"sameAs":["https:\/\/www.facebook.com\/gomagec\/","https:\/\/x.com\/gomagro"]}]}},"_links":{"self":[{"href":"https:\/\/www.gomag.ro\/blog\/wp-json\/wp\/v2\/pages\/14086","targetHints":{"allow":["GET"]}}],"collection":[{"href":"https:\/\/www.gomag.ro\/blog\/wp-json\/wp\/v2\/pages"}],"about":[{"href":"https:\/\/www.gomag.ro\/blog\/wp-json\/wp\/v2\/types\/page"}],"author":[{"embeddable":true,"href":"https:\/\/www.gomag.ro\/blog\/wp-json\/wp\/v2\/users\/1"}],"replies":[{"embeddable":true,"href":"https:\/\/www.gomag.ro\/blog\/wp-json\/wp\/v2\/comments?post=14086"}],"version-history":[{"count":4,"href":"https:\/\/www.gomag.ro\/blog\/wp-json\/wp\/v2\/pages\/14086\/revisions"}],"predecessor-version":[{"id":14151,"href":"https:\/\/www.gomag.ro\/blog\/wp-json\/wp\/v2\/pages\/14086\/revisions\/14151"}],"wp:featuredmedia":[{"embeddable":true,"href":"https:\/\/www.gomag.ro\/blog\/wp-json\/wp\/v2\/media\/14129"}],"wp:attachment":[{"href":"https:\/\/www.gomag.ro\/blog\/wp-json\/wp\/v2\/media?parent=14086"}],"curies":[{"name":"wp","href":"https:\/\/api.w.org\/{rel}","templated":true}]}}